{"id":3,"date":"2023-02-04T09:40:14","date_gmt":"2023-02-04T08:40:14","guid":{"rendered":"https:\/\/lemacoho.com\/?page_id=3"},"modified":"2025-11-14T14:21:11","modified_gmt":"2025-11-14T13:21:11","slug":"privacy","status":"publish","type":"page","link":"https:\/\/lemacoho.com\/en\/privacy\/","title":{"rendered":"Mentions l\u00e9gales et politique de confidentialit\u00e9"},"content":{"rendered":"<h2>CONDITIONS G\u00c9N\u00c9RALES D&rsquo;UTILISATION<\/h2>\n<h4>Article 1. Administrateurs<\/h4>\n<p>Le Site Internet www.lemacoho.com (dit \u00ab\u00a0le Site\u00a0\u00bb) est administr\u00e9 par\u00a0: \u2028\u2028L\u2019entreprise individuelle L\u00e9ma C\u00e9ramique (L\u00e9a Hoched\u00e9), sous le num\u00e9ro SIRET 92324871000017 et l\u2019entreprise individuelle Coho C\u00e9ramique (Marie-Chantal Cortes), sous le num\u00e9ro SIRET 95071283600010, dont les si\u00e8ges sociaux sont situ\u00e9s Chemin de la Mairie 20129 Bastelicaccia.<br \/>L\u2019h\u00e9bergeur du Site Internet www.lemacoho.com est Infomaniak.<br \/>Vous pouvez nous contacter aux adresses suivantes : \u2028L\u00e9ma C\u00e9ramique\u00a0: contact@lemacoho.com\u2028 Coho C\u00e9ramique\u00a0: contact@lemacoho.com<br \/>L&rsquo;utilisation du Site et les achats de Produits propos\u00e9s sur le Site sont soumis aux pr\u00e9sentes Conditions G\u00e9n\u00e9rales d&rsquo;Utilisation (ci-apr\u00e8s les \u00ab Conditions G\u00e9n\u00e9rales d&rsquo;Utilisation \u00bb). En utilisant le Site Internet vous reconnaissez avoir lu, compris et accept\u00e9 sans r\u00e9serve les pr\u00e9sentes Conditions G\u00e9n\u00e9rales d&rsquo;Utilisation. De m\u00eame, en utilisant le Site vous reconnaissez les clauses en mati\u00e8re de confidentialit\u00e9 du Site.<br \/>L\u00e9ma C\u00e9ramique et Coho C\u00e9ramique peuvent \u00e0 tout moment modifier et mettre \u00e0 jour les pr\u00e9sentes Conditions G\u00e9n\u00e9rales d&rsquo;Utilisation. Les Conditions G\u00e9n\u00e9rales d\u2019Utilisation en vigueur au moment de l\u2019utilisation du Site sont celles qui vous sont opposables.<br \/>Nous vous conseillons de vous tenir r\u00e9guli\u00e8rement inform\u00e9 des conditions en vigueur. \u2028<\/p>\n<h4>Article 1. Propri\u00e9t\u00e9 intellectuelle<\/h4>\n<p>Tous les \u00e9l\u00e9ments fournis par L\u00e9ma C\u00e9ramique et Coho C\u00e9ramique pour le Site www.lemacoho.com (textes, photographies, illustrations, logo, ic\u00f4nes, fichiers disponibles, etc.) sont la propri\u00e9t\u00e9 exclusive de L\u00e9ma C\u00e9ramique ou de Coho C\u00e9ramique, et sont le cas \u00e9ch\u00e9ant, prot\u00e9g\u00e9s par les lois fran\u00e7aises et les textes internationaux relatifs au respect des droits d&rsquo;auteur, copyright, dessins et mod\u00e8les et brevets.<br \/>La reproduction et\/ou la repr\u00e9sentation de ces \u00e9l\u00e9ments n&rsquo;est autoris\u00e9e qu&rsquo;\u00e0 des fins d&rsquo;information pour un usage strictement personnel et priv\u00e9. La pr\u00e9sentation d&rsquo;une des pages du pr\u00e9sent Site dans une page web n&rsquo;appartenant pas \u00e0 L\u00e9ma C\u00e9ramique ou Coho C\u00e9ramique est interdite. De m\u00eame, la mise en place de liens hypertextes vers toute autre page que la page d&rsquo;accueil du pr\u00e9sent Site n\u00e9cessite l&rsquo;accord \u00e9crit, pr\u00e9alable et expr\u00e8s de L\u00e9ma C\u00e9ramique ou Coho C\u00e9ramique.<\/p>\n<h4>Article 2. Donn\u00e9es personnelles et cookies<\/h4>\n<p>Toutes les informations de votre Compte ne sont utilis\u00e9es que dans le cadre de votre relation commerciale avec www.lemacoho.com. Ces informations ne sont jamais partag\u00e9es avec des tiers ou revendues. Enfin, vos informations bancaires ne sont jamais en notre possession. Les transactions sont enti\u00e8rement trait\u00e9es par le module de paiement s\u00e9curis\u00e9 Stripe\u00ae. Le Site utilise des Cookies (t\u00e9moins de connexion) ce dont l\u2019Utilisateur est inform\u00e9 en arrivant sur le Site Internet qui permettent d\u2019enregistrer des informations relatives \u00e0 la navigation de l\u2019ordinateur sur le Site Internet. Ces Cookies ne sont install\u00e9s qu\u2019apr\u00e8s acceptation par l\u2019Utilisateur, la poursuite de la navigation sur le Site Internet valant acceptation. L\u2019Utilisateur peut s\u2019opposer \u00e0 l\u2019utilisation de ces Cookies en param\u00e9trant son navigateur, sachant que l\u2019acc\u00e8s \u00e0 certains services peut n\u00e9cessiter l\u2019acceptation pr\u00e9alable par l\u2019Utilisateur des Cookies.<\/p>","protected":false},"excerpt":{"rendered":"<p>CONDITIONS G\u00c9N\u00c9RALES D&rsquo;UTILISATION Article 1. Administrateurs Le Site Internet www.lemacoho.com (dit \u00ab\u00a0le Site\u00a0\u00bb) est administr\u00e9 par\u00a0: \u2028\u2028L\u2019entreprise individuelle L\u00e9ma C\u00e9ramique (L\u00e9a Hoched\u00e9), sous le num\u00e9ro SIRET 92324871000017 et l\u2019entreprise individuelle&#8230;<\/p>","protected":false},"author":1,"featured_media":0,"parent":0,"menu_order":0,"comment_status":"closed","ping_status":"closed","template":"","meta":{"_nectar_blocks_hide_post_title":false,"_nectar_blocks_transparent_header_effect":false,"_nectar_blocks_transparent_header_effect_color":"light","_nectar_blocks_header_animation":false,"_nectar_blocks_header_animation_delay":0,"_nectar_blocks_header_animation_effect":"fade","_nectar_blocks_page_css":"","_nectar_blocks_page_js":"","slim_seo":{"title":"Mentions l\u00e9gales et politique de confidentialit\u00e9 - L\u00e9ma Coho","description":"CONDITIONS G\u00c9N\u00c9RALES D'UTILISATION Article 1. Administrateurs Le Site Internet www.lemacoho.com (dit \u00ab\u00a0le Site\u00a0\u00bb) est administr\u00e9 par\u00a0: \u2028\u2028L\u2019entreprise individuel"},"iawp_total_views":42,"footnotes":""},"class_list":["post-3","page","type-page","status-publish"],"_links":{"self":[{"href":"https:\/\/lemacoho.com\/en\/wp-json\/wp\/v2\/pages\/3","targetHints":{"allow":["GET"]}}],"collection":[{"href":"https:\/\/lemacoho.com\/en\/wp-json\/wp\/v2\/pages"}],"about":[{"href":"https:\/\/lemacoho.com\/en\/wp-json\/wp\/v2\/types\/page"}],"author":[{"embeddable":true,"href":"https:\/\/lemacoho.com\/en\/wp-json\/wp\/v2\/users\/1"}],"replies":[{"embeddable":true,"href":"https:\/\/lemacoho.com\/en\/wp-json\/wp\/v2\/comments?post=3"}],"version-history":[{"count":5,"href":"https:\/\/lemacoho.com\/en\/wp-json\/wp\/v2\/pages\/3\/revisions"}],"predecessor-version":[{"id":18085,"href":"https:\/\/lemacoho.com\/en\/wp-json\/wp\/v2\/pages\/3\/revisions\/18085"}],"wp:attachment":[{"href":"https:\/\/lemacoho.com\/en\/wp-json\/wp\/v2\/media?parent=3"}],"curies":[{"name":"wp","href":"https:\/\/api.w.org\/{rel}","templated":true}]}}