{"id":16810,"date":"2024-11-06T18:09:29","date_gmt":"2024-11-06T17:09:29","guid":{"rendered":"https:\/\/lemacoho.com\/?post_type=product&#038;p=16810"},"modified":"2024-11-06T18:28:16","modified_gmt":"2024-11-06T17:28:16","slug":"tasse-a-cafe-les-essentiels-cendres","status":"publish","type":"product","link":"https:\/\/lemacoho.com\/en\/product\/tasse-a-cafe-les-essentiels-cendres\/","title":{"rendered":"Tasse \u00e0 caf\u00e9 Essentiel Cendres"},"content":{"rendered":"<p class=\"\u201d\u201d\u201d\u201dMsoNormal\u201d\u201d\u201d\u201d\"><u>DESCRIPTION<\/u><\/p>\n<p>&nbsp;<\/p>\n<p class=\"\u201d\u201d\u201d\u201dMsoNormal\u201d\u201d\u201d\u201d\">Tasse \u00e0 la forme \u00e9l\u00e9mentaire contrast\u00e9e par \u00e9mail \u00e0 base de cendres de vignes, celles-ci extraites des sarments de vignes r\u00e9colt\u00e9s dans les vignobles Corses. Inspir\u00e9e par la beaut\u00e9 et la richesse de la M\u00e9diterran\u00e9e, cette tasse \u00e0 caf\u00e9 aux motifs riches apportera de la douceur \u00e0 votre quotidien.<\/p>\n<p class=\"\u201d\u201d\u201d\u201dMsoNormal\u201d\u201d\u201d\u201d\">Nos \u00e9maux sont tous r\u00e9alis\u00e9s artisanalement, ce qui rend ces pi\u00e8ces faits main encore plus uniques.<\/p>\n<p class=\"\u201d\u201d\u201d\u201dMsoNormal\u201d\u201d\u201d\u201d\">Collection Les Essentiels \/ Artisan Coho C\u00e9ramique<\/p>\n<p>&nbsp;<\/p>\n<p class=\"\u201d\u201d\u201d\u201dMsoNormal\u201d\u201d\u201d\u201d\"><u>CARACTERISTIQUES<\/u><\/p>\n<p>&nbsp;<\/p>\n<p class=\"\u201d\u201d\u201d\u201dMsoNormal\u201d\u201d\u201d\u201d\">Mati\u00e8re\u00a0: Gr\u00e8s cuit \u00e0 1280\u00b0C, ce qui lui conf\u00e8re r\u00e9sistance et durabilit\u00e9.<br \/>\nColoris : Beige\/Bleu<br \/>\n\u00c9mail : int\u00e9rieur beige brillant \/ ext\u00e9rieur \u00e9mail \u00e0 la cendre de vigne beige et bleu<br \/>\nDimensions : \u2300 7,5 cm \/ H 4,5 cm environ<br \/>\nPoids : 130 g environ<br \/>\nTechniques : Tournage<br \/>\nConseils d\u2019entretien\u00a0: Compatible lave-vaisselle et micro-onde. Ne pas utiliser au four.<\/p>\n<p class=\"\u201d\u201d\u201d\u201dMsoNormal\u201d\u201d\u201d\u201d\">","protected":false},"excerpt":{"rendered":"<p>DESCRIPTION &nbsp; Tasse \u00e0 la forme \u00e9l\u00e9mentaire contrast\u00e9e par \u00e9mail \u00e0 base de cendres de vignes, celles-ci extraites des sarments de vignes r\u00e9colt\u00e9s dans les vignobles Corses. Inspir\u00e9e par la&#8230;<\/p>","protected":false},"featured_media":16815,"template":"","meta":{"_nectar_blocks_hide_post_title":false,"_nectar_blocks_transparent_header_effect":false,"_nectar_blocks_transparent_header_effect_color":"light","_nectar_blocks_header_animation":false,"_nectar_blocks_header_animation_delay":0,"_nectar_blocks_header_animation_effect":"fade","_nectar_blocks_page_css":"","_nectar_blocks_page_js":"","slim_seo":{"title":"Tasse \u00e0 caf\u00e9 Essentiel Cendres - L\u00e9ma Coho","description":"DESCRIPTION &nbsp; Tasse \u00e0 la forme \u00e9l\u00e9mentaire contrast\u00e9e par \u00e9mail \u00e0 base de cendres de vignes, celles-ci extraites des sarments de vignes r\u00e9colt\u00e9s dans les v"},"iawp_total_views":24},"product_brand":[],"product_cat":[18],"product_tag":[84],"class_list":{"0":"post-16810","1":"product","2":"type-product","3":"status-publish","4":"has-post-thumbnail","6":"product_cat-artsdelatable","7":"product_tag-tasse","8":"pa_collection-essentiels","9":"pa_color-beige","10":"pa_color-blue","12":"first","13":"instock","14":"shipping-taxable","15":"purchasable","16":"product-type-simple"},"_links":{"self":[{"href":"https:\/\/lemacoho.com\/en\/wp-json\/wp\/v2\/product\/16810","targetHints":{"allow":["GET"]}}],"collection":[{"href":"https:\/\/lemacoho.com\/en\/wp-json\/wp\/v2\/product"}],"about":[{"href":"https:\/\/lemacoho.com\/en\/wp-json\/wp\/v2\/types\/product"}],"wp:featuredmedia":[{"embeddable":true,"href":"https:\/\/lemacoho.com\/en\/wp-json\/wp\/v2\/media\/16815"}],"wp:attachment":[{"href":"https:\/\/lemacoho.com\/en\/wp-json\/wp\/v2\/media?parent=16810"}],"wp:term":[{"taxonomy":"product_brand","embeddable":true,"href":"https:\/\/lemacoho.com\/en\/wp-json\/wp\/v2\/product_brand?post=16810"},{"taxonomy":"product_cat","embeddable":true,"href":"https:\/\/lemacoho.com\/en\/wp-json\/wp\/v2\/product_cat?post=16810"},{"taxonomy":"product_tag","embeddable":true,"href":"https:\/\/lemacoho.com\/en\/wp-json\/wp\/v2\/product_tag?post=16810"}],"curies":[{"name":"wp","href":"https:\/\/api.w.org\/{rel}","templated":true}]}}