{"id":16827,"date":"2024-11-06T18:19:53","date_gmt":"2024-11-06T17:19:53","guid":{"rendered":"https:\/\/lemacoho.com\/?post_type=product&#038;p=16827"},"modified":"2024-11-06T18:34:26","modified_gmt":"2024-11-06T17:34:26","slug":"mug-chamarre-brun","status":"publish","type":"product","link":"https:\/\/lemacoho.com\/en\/product\/mug-chamarre-brun\/","title":{"rendered":"Mug Chamarr\u00e9 brun"},"content":{"rendered":"<p class=\"\u201d\u201d\u201d\u201dMsoNormal\u201d\u201d\u201d\u201d\"><u>DESCRIPTION<\/u><\/p>\n<p>&nbsp;<\/p>\n<p class=\"\u201d\u201d\u201d\u201dMsoNormal\u201d\u201d\u201d\u201d\">Mug \u00e0 la forme \u00e9l\u00e9mentaire contrast\u00e9e par un m\u00e9lange et des superpositions de plusieurs \u00e9maux. Inspir\u00e9 par la beaut\u00e9 et la richesse de la M\u00e9diterran\u00e9e, ce mug aux motifs al\u00e9atoires apportera de la douceur \u00e0 votre quotidien.<\/p>\n<p class=\"\u201d\u201d\u201d\u201dMsoNormal\u201d\u201d\u201d\u201d\">Nos \u00e9maux sont tous r\u00e9alis\u00e9s artisanalement, ce qui rend ces pi\u00e8ces faits main encore plus uniques.<\/p>\n<p class=\"\u201d\u201d\u201d\u201dMsoNormal\u201d\u201d\u201d\u201d\">Collection Les Chamarr\u00e9s \/ Artisan L\u00e9ma C\u00e9ramique<\/p>\n<p>&nbsp;<\/p>\n<p class=\"\u201d\u201d\u201d\u201dMsoNormal\u201d\u201d\u201d\u201d\"><u>CARACTERISTIQUES<\/u><\/p>\n<p>&nbsp;<\/p>\n<p class=\"\u201d\u201d\u201d\u201dMsoNormal\u201d\u201d\u201d\u201d\">Mati\u00e8re\u00a0: Gr\u00e8s cuit \u00e0 1280\u00b0C, ce qui lui conf\u00e8re r\u00e9sistance et durabilit\u00e9.<br \/>\nColoris : Brun\/Noir<br \/>\n\u00c9mail : multiples \u00e9maux<br \/>\nDimensions : \u2300 10 cm \/ H 6 cm environ<br \/>\nPoids : 310 g environ<br \/>\nTechniques : Tournage<br \/>\nConseils d\u2019entretien\u00a0: Compatible lave-vaisselle et micro-onde. Ne pas utiliser au four.<\/p>\n<p class=\"\u201d\u201d\u201d\u201dMsoNormal\u201d\u201d\u201d\u201d\">","protected":false},"excerpt":{"rendered":"<p>DESCRIPTION &nbsp; Mug \u00e0 la forme \u00e9l\u00e9mentaire contrast\u00e9e par un m\u00e9lange et des superpositions de plusieurs \u00e9maux. Inspir\u00e9 par la beaut\u00e9 et la richesse de la M\u00e9diterran\u00e9e, ce mug aux&#8230;<\/p>","protected":false},"featured_media":16838,"template":"","meta":{"_nectar_blocks_hide_post_title":false,"_nectar_blocks_transparent_header_effect":false,"_nectar_blocks_transparent_header_effect_color":"light","_nectar_blocks_header_animation":false,"_nectar_blocks_header_animation_delay":0,"_nectar_blocks_header_animation_effect":"fade","_nectar_blocks_page_css":"","_nectar_blocks_page_js":"","slim_seo":{"title":"Mug Chamarr\u00e9 brun - L\u00e9ma Coho","description":"DESCRIPTION &nbsp; Mug \u00e0 la forme \u00e9l\u00e9mentaire contrast\u00e9e par un m\u00e9lange et des superpositions de plusieurs \u00e9maux. Inspir\u00e9 par la beaut\u00e9 et la richesse de la M\u00e9d"},"iawp_total_views":84},"product_brand":[],"product_cat":[18],"product_tag":[87],"class_list":{"0":"post-16827","1":"product","2":"type-product","3":"status-publish","4":"has-post-thumbnail","6":"product_cat-artsdelatable","7":"product_tag-mug","8":"pa_collection-chamarres","9":"pa_color-brown","10":"pa_color-black","12":"first","13":"instock","14":"shipping-taxable","15":"purchasable","16":"product-type-simple"},"_links":{"self":[{"href":"https:\/\/lemacoho.com\/en\/wp-json\/wp\/v2\/product\/16827","targetHints":{"allow":["GET"]}}],"collection":[{"href":"https:\/\/lemacoho.com\/en\/wp-json\/wp\/v2\/product"}],"about":[{"href":"https:\/\/lemacoho.com\/en\/wp-json\/wp\/v2\/types\/product"}],"wp:featuredmedia":[{"embeddable":true,"href":"https:\/\/lemacoho.com\/en\/wp-json\/wp\/v2\/media\/16838"}],"wp:attachment":[{"href":"https:\/\/lemacoho.com\/en\/wp-json\/wp\/v2\/media?parent=16827"}],"wp:term":[{"taxonomy":"product_brand","embeddable":true,"href":"https:\/\/lemacoho.com\/en\/wp-json\/wp\/v2\/product_brand?post=16827"},{"taxonomy":"product_cat","embeddable":true,"href":"https:\/\/lemacoho.com\/en\/wp-json\/wp\/v2\/product_cat?post=16827"},{"taxonomy":"product_tag","embeddable":true,"href":"https:\/\/lemacoho.com\/en\/wp-json\/wp\/v2\/product_tag?post=16827"}],"curies":[{"name":"wp","href":"https:\/\/api.w.org\/{rel}","templated":true}]}}