{"id":3690,"date":"2023-06-14T23:10:03","date_gmt":"2023-06-14T21:10:03","guid":{"rendered":"https:\/\/lemacoho.com\/produit\/gobelet-ramo-m\/"},"modified":"2024-11-06T16:16:41","modified_gmt":"2024-11-06T15:16:41","slug":"gobelet-ramo-m","status":"publish","type":"product","link":"https:\/\/lemacoho.com\/en\/product\/gobelet-ramo-m\/","title":{"rendered":"Gobelet M Ramo"},"content":{"rendered":"<p class=\"\u201d\u201d\u201d\u201dMsoNormal\u201d\u201d\u201d\u201d\"><u>DESCRIPTION<\/u><\/p>\n<p class=\"\u201d\u201d\u201d\u201dMsoNormal\u201d\u201d\u201d\u201d\">Gobelet en gr\u00e8s textur\u00e9 aux motifs et teintes naturels alliant \u00e9l\u00e9gance et simplicit\u00e9. Vous appr\u00e9cierez boire au quotidien dans ces petits objets dont les reliefs sont aussi agr\u00e9ables \u00e0 regarder qu\u2019\u00e0 toucher. Chaque gobelet est tourn\u00e9 et sculpt\u00e9 minutieusement \u00e0 la main, ce qui rend chacune de ces pi\u00e8ces encore plus unique. Ces d\u00e9cors sont mis en valeur par un \u00e9mail beige mouchet\u00e9 qui rappelle l\u2019aspect brut de la roche et contraste avec l\u2019int\u00e9rieur ocre du gobelet.<\/p>\n<p class=\"\u201d\u201d\u201d\u201dMsoNormal\u201d\u201d\u201d\u201d\">Collection Les Textur\u00e9s \/ Artisan Coho C\u00e9ramique<\/p>\n<p class=\"\u201d\u201d\u201d\u201dMsoNormal\u201d\u201d\u201d\u201d\"><u>CARACTERISTIQUES\u00a0<\/u><\/p>\n<p class=\"\u201d\u201d\u201d\u201dMsoNormal\u201d\u201d\u201d\u201d\">Mati\u00e8re\u00a0: Gr\u00e8s cuit \u00e0 1280\u00b0C, ce qui lui conf\u00e8re r\u00e9sistance et durabilit\u00e9.<br \/>\nColoris : Beige \/ ocre<br \/>\n\u00c9mail : \u00c9mail beige brillant effet mouchet\u00e9 \/ \u00e9mail mat ocre orang\u00e9<br \/>\nDimensions\u00a0: \u2300\u00a0 cm \/ H\u00a0 cm environ<br \/>\nPoids\u00a0:\u00a0 g environ<br \/>\nTechniques\u00a0: Tournage<br \/>\nConseils d\u2019entretien\u00a0: Compatible lave-vaisselle et micro-onde. Ne pas utiliser au four.<\/p>\n<p>&nbsp;<\/p>","protected":false},"excerpt":{"rendered":"<p>DESCRIPTION Gobelet en gr\u00e8s textur\u00e9 aux motifs et teintes naturels alliant \u00e9l\u00e9gance et simplicit\u00e9. Vous appr\u00e9cierez boire au quotidien dans ces petits objets dont les reliefs sont aussi agr\u00e9ables \u00e0&#8230;<\/p>","protected":false},"featured_media":3652,"template":"","meta":{"_nectar_blocks_hide_post_title":false,"_nectar_blocks_transparent_header_effect":false,"_nectar_blocks_transparent_header_effect_color":"light","_nectar_blocks_header_animation":false,"_nectar_blocks_header_animation_delay":0,"_nectar_blocks_header_animation_effect":"fade","_nectar_blocks_page_css":"","_nectar_blocks_page_js":"","slim_seo":{"title":"Gobelet M Ramo - L\u00e9ma Coho","description":"DESCRIPTION Gobelet en gr\u00e8s textur\u00e9 aux motifs et teintes naturels alliant \u00e9l\u00e9gance et simplicit\u00e9. Vous appr\u00e9cierez boire au quotidien dans ces petits objets do"},"iawp_total_views":21},"product_brand":[],"product_cat":[18],"product_tag":[84],"class_list":{"0":"post-3690","1":"product","2":"type-product","3":"status-publish","4":"has-post-thumbnail","6":"product_cat-artsdelatable","7":"product_tag-tasse","8":"pa_collection-textures","9":"pa_color-beige","10":"pa_color-orange","12":"first","13":"outofstock","14":"shipping-taxable","15":"purchasable","16":"product-type-simple"},"_links":{"self":[{"href":"https:\/\/lemacoho.com\/en\/wp-json\/wp\/v2\/product\/3690","targetHints":{"allow":["GET"]}}],"collection":[{"href":"https:\/\/lemacoho.com\/en\/wp-json\/wp\/v2\/product"}],"about":[{"href":"https:\/\/lemacoho.com\/en\/wp-json\/wp\/v2\/types\/product"}],"wp:featuredmedia":[{"embeddable":true,"href":"https:\/\/lemacoho.com\/en\/wp-json\/wp\/v2\/media\/3652"}],"wp:attachment":[{"href":"https:\/\/lemacoho.com\/en\/wp-json\/wp\/v2\/media?parent=3690"}],"wp:term":[{"taxonomy":"product_brand","embeddable":true,"href":"https:\/\/lemacoho.com\/en\/wp-json\/wp\/v2\/product_brand?post=3690"},{"taxonomy":"product_cat","embeddable":true,"href":"https:\/\/lemacoho.com\/en\/wp-json\/wp\/v2\/product_cat?post=3690"},{"taxonomy":"product_tag","embeddable":true,"href":"https:\/\/lemacoho.com\/en\/wp-json\/wp\/v2\/product_tag?post=3690"}],"curies":[{"name":"wp","href":"https:\/\/api.w.org\/{rel}","templated":true}]}}