{"id":3693,"date":"2023-06-14T23:45:49","date_gmt":"2023-06-14T21:45:49","guid":{"rendered":"https:\/\/lemacoho.com\/produit\/gobelet-s-roccia\/"},"modified":"2024-11-06T18:49:16","modified_gmt":"2024-11-06T17:49:16","slug":"gobelet-s-roccia","status":"publish","type":"product","link":"https:\/\/lemacoho.com\/en\/product\/gobelet-s-roccia\/","title":{"rendered":"Gobelet Essentiel Caille"},"content":{"rendered":"<p class=\"\u201d\u201dMsoNormal\u201d\u201d\"><u>DESCRIPTION<\/u><\/p>\n<p class=\"\u201d\u201dMsoNormal\u201d\u201d\">Gobelet en gr\u00e8s alliant \u00e9l\u00e9gance et simplicit\u00e9. Vous appr\u00e9cierez boire au quotidien dans ces petits objets dont l&rsquo;\u00e9mail aux allures d&rsquo;oeuf de caille est aussi agr\u00e9ables \u00e0 regarder qu\u2019\u00e0 toucher.<\/p>\n<p>Collection Les Essentiels \/ Artisan Coho C\u00e9ramique<\/p>\n<p class=\"\u201d\u201dMsoNormal\u201d\u201d\"><u>CARACTERISTIQUES<\/u><\/p>\n<p class=\"\u201d\u201dMsoNormal\u201d\u201d\">Mati\u00e8re\u00a0: Gr\u00e8s cuit \u00e0 1280\u00b0C, ce qui lui conf\u00e8re r\u00e9sistance et durabilit\u00e9.<\/p>\n<p>\u00c9mail : \u00c9mail beige brillant \/ \u00e9mail gris clair mouchet\u00e9<\/p>\n<p class=\"\u201d\u201dMsoNormal\u201d\u201d\">Dimensions : \u2300 6 cm \/ H 6,5 cm environ<\/p>\n<p class=\"\u201d\u201dMsoNormal\u201d\u201d\">Poids :\u00a0 150 g environ<\/p>\n<p class=\"\u201d\u201dMsoNormal\u201d\u201d\">Technique : Tournage<\/p>\n<p class=\"\u201d\u201dMsoNormal\u201d\u201d\">Conseils d\u2019entretien : Compatible lave-vaisselle et micro-onde. Ne pas utiliser au four.<\/p>","protected":false},"excerpt":{"rendered":"<p>DESCRIPTION Gobelet en gr\u00e8s alliant \u00e9l\u00e9gance et simplicit\u00e9. Vous appr\u00e9cierez boire au quotidien dans ces petits objets dont l&rsquo;\u00e9mail aux allures d&rsquo;oeuf de caille est aussi agr\u00e9ables \u00e0 regarder qu\u2019\u00e0&#8230;<\/p>","protected":false},"featured_media":16888,"template":"","meta":{"_nectar_blocks_hide_post_title":false,"_nectar_blocks_transparent_header_effect":false,"_nectar_blocks_transparent_header_effect_color":"light","_nectar_blocks_header_animation":false,"_nectar_blocks_header_animation_delay":0,"_nectar_blocks_header_animation_effect":"fade","_nectar_blocks_page_css":"","_nectar_blocks_page_js":"","slim_seo":{"title":"Gobelet Essentiel Caille - L\u00e9ma Coho","description":"DESCRIPTION Gobelet en gr\u00e8s alliant \u00e9l\u00e9gance et simplicit\u00e9. Vous appr\u00e9cierez boire au quotidien dans ces petits objets dont l'\u00e9mail aux allures d'oeuf de caille"},"iawp_total_views":32},"product_brand":[],"product_cat":[18],"product_tag":[83],"class_list":{"0":"post-3693","1":"product","2":"type-product","3":"status-publish","4":"has-post-thumbnail","6":"product_cat-artsdelatable","7":"product_tag-gobelet","8":"pa_collection-essentiels","9":"pa_color-beige","10":"pa_color-gris","12":"first","13":"instock","14":"shipping-taxable","15":"purchasable","16":"product-type-simple"},"_links":{"self":[{"href":"https:\/\/lemacoho.com\/en\/wp-json\/wp\/v2\/product\/3693","targetHints":{"allow":["GET"]}}],"collection":[{"href":"https:\/\/lemacoho.com\/en\/wp-json\/wp\/v2\/product"}],"about":[{"href":"https:\/\/lemacoho.com\/en\/wp-json\/wp\/v2\/types\/product"}],"wp:featuredmedia":[{"embeddable":true,"href":"https:\/\/lemacoho.com\/en\/wp-json\/wp\/v2\/media\/16888"}],"wp:attachment":[{"href":"https:\/\/lemacoho.com\/en\/wp-json\/wp\/v2\/media?parent=3693"}],"wp:term":[{"taxonomy":"product_brand","embeddable":true,"href":"https:\/\/lemacoho.com\/en\/wp-json\/wp\/v2\/product_brand?post=3693"},{"taxonomy":"product_cat","embeddable":true,"href":"https:\/\/lemacoho.com\/en\/wp-json\/wp\/v2\/product_cat?post=3693"},{"taxonomy":"product_tag","embeddable":true,"href":"https:\/\/lemacoho.com\/en\/wp-json\/wp\/v2\/product_tag?post=3693"}],"curies":[{"name":"wp","href":"https:\/\/api.w.org\/{rel}","templated":true}]}}