{"id":3759,"date":"2023-06-15T13:49:44","date_gmt":"2023-06-15T11:49:44","guid":{"rendered":"https:\/\/lemacoho.com\/?post_type=product&#038;p=3759"},"modified":"2024-11-06T16:15:24","modified_gmt":"2024-11-06T15:15:24","slug":"assiette-zebra-3","status":"publish","type":"product","link":"https:\/\/lemacoho.com\/en\/product\/assiette-zebra-3\/","title":{"rendered":"Assiette Z\u00e9bra"},"content":{"rendered":"<p class=\"\u201d\u201d\u201d\u201dMsoNormal\u201d\u201d\u201d\u201d\"><u>DESCRIPTION<\/u><\/p>\n<p class=\"\u201d\u201d\u201d\u201dMsoNormal\u201d\u201d\u201d\u201d\">Assiette en gr\u00e8s bicolore r\u00e9alis\u00e9e \u00e0 la plaque, id\u00e9ale pour pr\u00e9senter vos plus belles cr\u00e9ations culinaires.<br \/>\nLes bandes de terres m\u00eal\u00e9es color\u00e9es sont incrust\u00e9es au c\u0153ur de la mati\u00e8re, cr\u00e9ant des motifs graphiques et al\u00e9atoires. Chacune de ces assiettes est unique.<br \/>\nLa couleur exclusive de ces bandes est obtenue gr\u00e2ce \u00e0 la pigmentation artisanale de la terre dans la masse. Les couleurs de cette pi\u00e8ce sont r\u00e9v\u00e9l\u00e9es par un \u00e9mail transparent brillant.<\/p>\n<p class=\"\u201d\u201d\u201d\u201dMsoNormal\u201d\u201d\u201d\u201d\">Collection Les M\u00eal\u00e9s \/ Artisan L\u00e9ma C\u00e9ramique<\/p>\n<p class=\"\u201d\u201d\u201d\u201dMsoNormal\u201d\u201d\u201d\u201d\"><u>CARACTERISTIQUES<\/u><\/p>\n<p class=\"\u201d\u201d\u201d\u201dMsoNormal\u201d\u201d\u201d\u201d\">Mati\u00e8re\u00a0: Gr\u00e8s cuit \u00e0 1280\u00b0C, ce qui lui conf\u00e8re r\u00e9sistance et durabilit\u00e9.<br \/>\nColoris : Beige\/Vert anthracite<br \/>\n\u00c9mail\u00a0: Transparent brillant<br \/>\nDimensions\u00a0: \u2300\u00a025,5 cm environ<br \/>\nPoids\u00a0:\u00a0500 g environ<br \/>\nTechniques\u00a0: Plaque et terres m\u00eal\u00e9es<br \/>\nConseils d\u2019entretien\u00a0: Compatible lave-vaisselle et micro-onde. Ne pas utiliser au four.<\/p>\n<p class=\"\u201d\u201d\u201d\u201dMsoNormal\u201d\u201d\u201d\u201d\">","protected":false},"excerpt":{"rendered":"<p>DESCRIPTION Assiette en gr\u00e8s bicolore r\u00e9alis\u00e9e \u00e0 la plaque, id\u00e9ale pour pr\u00e9senter vos plus belles cr\u00e9ations culinaires. Les bandes de terres m\u00eal\u00e9es color\u00e9es sont incrust\u00e9es au c\u0153ur de la mati\u00e8re,&#8230;<\/p>","protected":false},"featured_media":3760,"template":"","meta":{"_nectar_blocks_hide_post_title":false,"_nectar_blocks_transparent_header_effect":false,"_nectar_blocks_transparent_header_effect_color":"light","_nectar_blocks_header_animation":false,"_nectar_blocks_header_animation_delay":0,"_nectar_blocks_header_animation_effect":"fade","_nectar_blocks_page_css":"","_nectar_blocks_page_js":"","slim_seo":{"title":"Assiette Z\u00e9bra - L\u00e9ma Coho","description":"DESCRIPTION Assiette en gr\u00e8s bicolore r\u00e9alis\u00e9e \u00e0 la plaque, id\u00e9ale pour pr\u00e9senter vos plus belles cr\u00e9ations culinaires. Les bandes de terres m\u00eal\u00e9es color\u00e9es son"},"iawp_total_views":16},"product_brand":[],"product_cat":[18],"product_tag":[81],"class_list":{"0":"post-3759","1":"product","2":"type-product","3":"status-publish","4":"has-post-thumbnail","6":"product_cat-artsdelatable","7":"product_tag-assiette","8":"pa_collection-meles","9":"pa_color-beige","10":"pa_color-green","12":"first","13":"outofstock","14":"shipping-taxable","15":"purchasable","16":"product-type-simple"},"_links":{"self":[{"href":"https:\/\/lemacoho.com\/en\/wp-json\/wp\/v2\/product\/3759","targetHints":{"allow":["GET"]}}],"collection":[{"href":"https:\/\/lemacoho.com\/en\/wp-json\/wp\/v2\/product"}],"about":[{"href":"https:\/\/lemacoho.com\/en\/wp-json\/wp\/v2\/types\/product"}],"wp:featuredmedia":[{"embeddable":true,"href":"https:\/\/lemacoho.com\/en\/wp-json\/wp\/v2\/media\/3760"}],"wp:attachment":[{"href":"https:\/\/lemacoho.com\/en\/wp-json\/wp\/v2\/media?parent=3759"}],"wp:term":[{"taxonomy":"product_brand","embeddable":true,"href":"https:\/\/lemacoho.com\/en\/wp-json\/wp\/v2\/product_brand?post=3759"},{"taxonomy":"product_cat","embeddable":true,"href":"https:\/\/lemacoho.com\/en\/wp-json\/wp\/v2\/product_cat?post=3759"},{"taxonomy":"product_tag","embeddable":true,"href":"https:\/\/lemacoho.com\/en\/wp-json\/wp\/v2\/product_tag?post=3759"}],"curies":[{"name":"wp","href":"https:\/\/api.w.org\/{rel}","templated":true}]}}