{"id":3780,"date":"2023-06-15T14:00:16","date_gmt":"2023-06-15T12:00:16","guid":{"rendered":"https:\/\/lemacoho.com\/produit\/grand-bol-zebra\/"},"modified":"2024-11-06T16:12:38","modified_gmt":"2024-11-06T15:12:38","slug":"grand-bol-zebra","status":"publish","type":"product","link":"https:\/\/lemacoho.com\/en\/product\/grand-bol-zebra\/","title":{"rendered":"Grand bol Z\u00e9bra"},"content":{"rendered":"<p class=\"\u201dMsoNormal\u201d\"><u>DESCRIPTION<\/p>\n<p><\/u>Grand bol en gr\u00e8s bicolore r\u00e9alis\u00e9 \u00e0 la plaque, id\u00e9al pour d\u00e9guster vos potages, salades ou plats en sauce.<br \/>\nLes bandes de terres m\u00eal\u00e9es color\u00e9es sont incrust\u00e9es au c\u0153ur de la mati\u00e8re, cr\u00e9ant des motifs graphiques et al\u00e9atoires. Chacun de ces bols est unique.<br \/>\nLa couleur exclusive de ces bandes est obtenue gr\u00e2ce \u00e0 la pigmentation artisanale de la terre dans la masse. Les couleurs de cette pi\u00e8ce sont r\u00e9v\u00e9l\u00e9es par un \u00e9mail transparent brillant.<\/p>\n<p class=\"\u201dMsoNormal\u201d\">Collection Les M\u00eal\u00e9s \/ Artisan L\u00e9ma C\u00e9ramique<\/p>\n<p class=\"\u201dMsoNormal\u201d\"><u>CARACTERISTIQUES<\/p>\n<p><\/u>Mati\u00e8re\u00a0: Gr\u00e8s cuit \u00e0 1280\u00b0C, ce qui lui conf\u00e8re r\u00e9sistance et durabilit\u00e9.<br \/>\nColoris : Beige\/Vert anthracite<br \/>\n\u00c9mail\u00a0: Transparent brillant<br \/>\nDimensions\u00a0: \u2300\u00a022,5 cm \/ H 5 cm environ<br \/>\nPoids\u00a0:\u00a0450 g environ<br \/>\nTechniques : Plaque et terres m\u00eal\u00e9es<br \/>\nConseils d\u2019entretien : Compatible lave-vaisselle et micro-onde. Ne pas utiliser au four.<\/p>","protected":false},"excerpt":{"rendered":"<p>DESCRIPTION Grand bol en gr\u00e8s bicolore r\u00e9alis\u00e9 \u00e0 la plaque, id\u00e9al pour d\u00e9guster vos potages, salades ou plats en sauce. Les bandes de terres m\u00eal\u00e9es color\u00e9es sont incrust\u00e9es au c\u0153ur&#8230;<\/p>","protected":false},"featured_media":3781,"template":"","meta":{"_nectar_blocks_hide_post_title":false,"_nectar_blocks_transparent_header_effect":false,"_nectar_blocks_transparent_header_effect_color":"light","_nectar_blocks_header_animation":false,"_nectar_blocks_header_animation_delay":0,"_nectar_blocks_header_animation_effect":"fade","_nectar_blocks_page_css":"","_nectar_blocks_page_js":"","slim_seo":{"title":"Grand bol Z\u00e9bra - L\u00e9ma Coho","description":"DESCRIPTION Grand bol en gr\u00e8s bicolore r\u00e9alis\u00e9 \u00e0 la plaque, id\u00e9al pour d\u00e9guster vos potages, salades ou plats en sauce. Les bandes de terres m\u00eal\u00e9es color\u00e9es son"},"iawp_total_views":4},"product_brand":[],"product_cat":[18],"product_tag":[85,82],"class_list":{"0":"post-3780","1":"product","2":"type-product","3":"status-publish","4":"has-post-thumbnail","6":"product_cat-artsdelatable","7":"product_tag-bol","8":"product_tag-saladier","9":"pa_collection-meles","10":"pa_color-beige","11":"pa_color-green","13":"first","14":"outofstock","15":"shipping-taxable","16":"purchasable","17":"product-type-simple"},"_links":{"self":[{"href":"https:\/\/lemacoho.com\/en\/wp-json\/wp\/v2\/product\/3780","targetHints":{"allow":["GET"]}}],"collection":[{"href":"https:\/\/lemacoho.com\/en\/wp-json\/wp\/v2\/product"}],"about":[{"href":"https:\/\/lemacoho.com\/en\/wp-json\/wp\/v2\/types\/product"}],"wp:featuredmedia":[{"embeddable":true,"href":"https:\/\/lemacoho.com\/en\/wp-json\/wp\/v2\/media\/3781"}],"wp:attachment":[{"href":"https:\/\/lemacoho.com\/en\/wp-json\/wp\/v2\/media?parent=3780"}],"wp:term":[{"taxonomy":"product_brand","embeddable":true,"href":"https:\/\/lemacoho.com\/en\/wp-json\/wp\/v2\/product_brand?post=3780"},{"taxonomy":"product_cat","embeddable":true,"href":"https:\/\/lemacoho.com\/en\/wp-json\/wp\/v2\/product_cat?post=3780"},{"taxonomy":"product_tag","embeddable":true,"href":"https:\/\/lemacoho.com\/en\/wp-json\/wp\/v2\/product_tag?post=3780"}],"curies":[{"name":"wp","href":"https:\/\/api.w.org\/{rel}","templated":true}]}}