{"id":3890,"date":"2023-06-16T13:52:52","date_gmt":"2023-06-16T11:52:52","guid":{"rendered":"https:\/\/lemacoho.com\/produit\/saladier-zebra-2\/"},"modified":"2023-10-20T09:43:33","modified_gmt":"2023-10-20T07:43:33","slug":"saladier-zebra-2","status":"publish","type":"product","link":"https:\/\/lemacoho.com\/en\/product\/saladier-zebra-2\/","title":{"rendered":"Saladier Z\u00e9bra"},"content":{"rendered":"<p class=\"\u201d\u201d\u201d\u201d\u201dMsoNormal\u201d\u201d\u201d\u201d\u201d\"><u>DESCRIPTION<\/u><\/p>\n<p class=\"\u201d\u201d\u201d\u201d\u201dMsoNormal\u201d\u201d\u201d\u201d\u201d\">Saladier en gr\u00e8s bicolore r\u00e9alis\u00e9 \u00e0 la plaque, id\u00e9al pour pr\u00e9senter vos salades et plats \u00e0 partager.<br \/>\nLes bandes de terres m\u00eal\u00e9es color\u00e9es sont incrust\u00e9es au c\u0153ur de la mati\u00e8re, cr\u00e9ant des motifs graphiques et al\u00e9atoires. Chaque saladier est unique.<br \/>\nLa couleur exclusive de ces bandes est obtenue gr\u00e2ce \u00e0 la pigmentation artisanale de la terre dans la masse. Les couleurs de cette pi\u00e8ce sont r\u00e9v\u00e9l\u00e9es par un \u00e9mail transparent brillant.<\/p>\n<p class=\"\u201d\u201d\u201d\u201d\u201dMsoNormal\u201d\u201d\u201d\u201d\u201d\">Collection Les M\u00eal\u00e9s \/ Artisan L\u00e9ma C\u00e9ramique<\/p>\n<p>&nbsp;<\/p>\n<p class=\"\u201d\u201d\u201d\u201d\u201dMsoNormal\u201d\u201d\u201d\u201d\u201d\"><u>CARACTERISTIQUES<br \/>\n<\/u><\/p>\n<p class=\"\u201d\u201d\u201d\u201d\u201dMsoNormal\u201d\u201d\u201d\u201d\u201d\">Mati\u00e8re\u00a0: Gr\u00e8s cuit \u00e0 1280\u00b0C, ce qui lui conf\u00e8re r\u00e9sistance et durabilit\u00e9.<br \/>\nColoris\u00a0: Beige\/Bleu<br \/>\n\u00c9mail\u00a0: Transparent brillant<br \/>\nDimensions\u00a0: \u2300\u00a026,5 cm \/ H 7 cm environ<br \/>\nPoids\u00a0:\u00a0680 g environ<br \/>\nTechniques\u00a0: Plaque et terres m\u00eal\u00e9es<br \/>\nConseils d\u2019entretien : Compatible lave-vaisselle et micro-onde. Ne pas utiliser au four.<\/p>","protected":false},"excerpt":{"rendered":"<p>DESCRIPTION Saladier en gr\u00e8s bicolore r\u00e9alis\u00e9 \u00e0 la plaque, id\u00e9al pour pr\u00e9senter vos salades et plats \u00e0 partager. Les bandes de terres m\u00eal\u00e9es color\u00e9es sont incrust\u00e9es au c\u0153ur de la&#8230;<\/p>","protected":false},"featured_media":3987,"template":"","meta":{"_nectar_blocks_hide_post_title":false,"_nectar_blocks_transparent_header_effect":false,"_nectar_blocks_transparent_header_effect_color":"light","_nectar_blocks_header_animation":false,"_nectar_blocks_header_animation_delay":0,"_nectar_blocks_header_animation_effect":"fade","_nectar_blocks_page_css":"","_nectar_blocks_page_js":"","slim_seo":{"title":"Saladier Z\u00e9bra - L\u00e9ma Coho","description":"DESCRIPTION Saladier en gr\u00e8s bicolore r\u00e9alis\u00e9 \u00e0 la plaque, id\u00e9al pour pr\u00e9senter vos salades et plats \u00e0 partager. Les bandes de terres m\u00eal\u00e9es color\u00e9es sont incru"},"iawp_total_views":9},"product_brand":[],"product_cat":[18],"product_tag":[82],"class_list":{"0":"post-3890","1":"product","2":"type-product","3":"status-publish","4":"has-post-thumbnail","6":"product_cat-artsdelatable","7":"product_tag-saladier","8":"pa_collection-meles","9":"pa_color-beige","10":"pa_color-blue","12":"first","13":"outofstock","14":"purchasable","15":"product-type-simple"},"_links":{"self":[{"href":"https:\/\/lemacoho.com\/en\/wp-json\/wp\/v2\/product\/3890","targetHints":{"allow":["GET"]}}],"collection":[{"href":"https:\/\/lemacoho.com\/en\/wp-json\/wp\/v2\/product"}],"about":[{"href":"https:\/\/lemacoho.com\/en\/wp-json\/wp\/v2\/types\/product"}],"wp:featuredmedia":[{"embeddable":true,"href":"https:\/\/lemacoho.com\/en\/wp-json\/wp\/v2\/media\/3987"}],"wp:attachment":[{"href":"https:\/\/lemacoho.com\/en\/wp-json\/wp\/v2\/media?parent=3890"}],"wp:term":[{"taxonomy":"product_brand","embeddable":true,"href":"https:\/\/lemacoho.com\/en\/wp-json\/wp\/v2\/product_brand?post=3890"},{"taxonomy":"product_cat","embeddable":true,"href":"https:\/\/lemacoho.com\/en\/wp-json\/wp\/v2\/product_cat?post=3890"},{"taxonomy":"product_tag","embeddable":true,"href":"https:\/\/lemacoho.com\/en\/wp-json\/wp\/v2\/product_tag?post=3890"}],"curies":[{"name":"wp","href":"https:\/\/api.w.org\/{rel}","templated":true}]}}