{"id":4025,"date":"2023-06-17T17:01:07","date_gmt":"2023-06-17T15:01:07","guid":{"rendered":"https:\/\/lemacoho.com\/?post_type=product&#038;p=4025"},"modified":"2023-09-21T19:33:45","modified_gmt":"2023-09-21T17:33:45","slug":"assiette-a-dessert-zebra-2","status":"publish","type":"product","link":"https:\/\/lemacoho.com\/en\/product\/assiette-a-dessert-zebra-2\/","title":{"rendered":"Assiette \u00e0 dessert Z\u00e9bra"},"content":{"rendered":"<p class=\"\u201d\u201d\u201d\u201d\u201dMsoNormal\u201d\u201d\u201d\u201d\u201d\"><u>DESCRIPTION<\/u><\/p>\n<p>&nbsp;<\/p>\n<p class=\"\u201d\u201d\u201d\u201d\u201dMsoNormal\u201d\u201d\u201d\u201d\u201d\">Assiette \u00e0 dessert en gr\u00e8s bicolore r\u00e9alis\u00e9e \u00e0 la plaque, id\u00e9ale pour pr\u00e9senter de jolies entr\u00e9es ou des desserts gourmands.<br \/>\nLes bandes de terres m\u00eal\u00e9es color\u00e9es sont incrust\u00e9es au c\u0153ur de la mati\u00e8re, cr\u00e9ant des motifs graphiques et al\u00e9atoires. Chacune de ces assiettes est unique.<br \/>\nLa couleur exclusive de ces bandes est obtenue gr\u00e2ce \u00e0 la pigmentation artisanale de la terre dans la masse. Les couleurs de cette pi\u00e8ce sont r\u00e9v\u00e9l\u00e9es par un \u00e9mail transparent brillant.<\/p>\n<p class=\"\u201d\u201d\u201d\u201d\u201dMsoNormal\u201d\u201d\u201d\u201d\u201d\">Collection Les M\u00eal\u00e9s \/ Artisan L\u00e9ma C\u00e9ramique<\/p>\n<p>&nbsp;<\/p>\n<p class=\"\u201d\u201d\u201d\u201d\u201dMsoNormal\u201d\u201d\u201d\u201d\u201d\"><u>CARACTERISTIQUES<\/u><\/p>\n<p>&nbsp;<\/p>\n<p class=\"\u201d\u201d\u201d\u201d\u201dMsoNormal\u201d\u201d\u201d\u201d\u201d\">Mati\u00e8re\u00a0: Gr\u00e8s cuit \u00e0 1280\u00b0C, ce qui lui conf\u00e8re r\u00e9sistance et durabilit\u00e9.<br \/>\nColoris : Beige\/Bleu<br \/>\n\u00c9mail\u00a0: Transparent brillant<br \/>\nDimensions\u00a0: \u2300\u00a020 cm environ<br \/>\nPoids\u00a0:\u00a0270 g environ<br \/>\nTechniques\u00a0: Plaque et terres m\u00eal\u00e9es<br \/>\nConseils d\u2019entretien : Compatible lave-vaisselle et micro-onde. Ne pas utiliser au four.<\/p>","protected":false},"excerpt":{"rendered":"<p>DESCRIPTION &nbsp; Assiette \u00e0 dessert en gr\u00e8s bicolore r\u00e9alis\u00e9e \u00e0 la plaque, id\u00e9ale pour pr\u00e9senter de jolies entr\u00e9es ou des desserts gourmands. Les bandes de terres m\u00eal\u00e9es color\u00e9es sont incrust\u00e9es&#8230;<\/p>","protected":false},"featured_media":4074,"template":"","meta":{"_nectar_blocks_hide_post_title":false,"_nectar_blocks_transparent_header_effect":false,"_nectar_blocks_transparent_header_effect_color":"light","_nectar_blocks_header_animation":false,"_nectar_blocks_header_animation_delay":0,"_nectar_blocks_header_animation_effect":"fade","_nectar_blocks_page_css":"","_nectar_blocks_page_js":"","slim_seo":{"title":"Assiette \u00e0 dessert Z\u00e9bra - L\u00e9ma Coho","description":"DESCRIPTION &nbsp; Assiette \u00e0 dessert en gr\u00e8s bicolore r\u00e9alis\u00e9e \u00e0 la plaque, id\u00e9ale pour pr\u00e9senter de jolies entr\u00e9es ou des desserts gourmands. Les bandes de te"},"iawp_total_views":342},"product_brand":[],"product_cat":[18],"product_tag":[81],"class_list":{"0":"post-4025","1":"product","2":"type-product","3":"status-publish","4":"has-post-thumbnail","6":"product_cat-artsdelatable","7":"product_tag-assiette","8":"pa_collection-meles","9":"pa_color-beige","10":"pa_color-blue","12":"first","13":"instock","14":"shipping-taxable","15":"purchasable","16":"product-type-simple"},"_links":{"self":[{"href":"https:\/\/lemacoho.com\/en\/wp-json\/wp\/v2\/product\/4025","targetHints":{"allow":["GET"]}}],"collection":[{"href":"https:\/\/lemacoho.com\/en\/wp-json\/wp\/v2\/product"}],"about":[{"href":"https:\/\/lemacoho.com\/en\/wp-json\/wp\/v2\/types\/product"}],"wp:featuredmedia":[{"embeddable":true,"href":"https:\/\/lemacoho.com\/en\/wp-json\/wp\/v2\/media\/4074"}],"wp:attachment":[{"href":"https:\/\/lemacoho.com\/en\/wp-json\/wp\/v2\/media?parent=4025"}],"wp:term":[{"taxonomy":"product_brand","embeddable":true,"href":"https:\/\/lemacoho.com\/en\/wp-json\/wp\/v2\/product_brand?post=4025"},{"taxonomy":"product_cat","embeddable":true,"href":"https:\/\/lemacoho.com\/en\/wp-json\/wp\/v2\/product_cat?post=4025"},{"taxonomy":"product_tag","embeddable":true,"href":"https:\/\/lemacoho.com\/en\/wp-json\/wp\/v2\/product_tag?post=4025"}],"curies":[{"name":"wp","href":"https:\/\/api.w.org\/{rel}","templated":true}]}}