{"id":4131,"date":"2023-06-17T21:22:26","date_gmt":"2023-06-17T19:22:26","guid":{"rendered":"https:\/\/lemacoho.com\/produit\/assiette-onda\/"},"modified":"2024-11-06T16:11:13","modified_gmt":"2024-11-06T15:11:13","slug":"assiette-onda","status":"publish","type":"product","link":"https:\/\/lemacoho.com\/en\/product\/assiette-onda\/","title":{"rendered":"Assiette Onda"},"content":{"rendered":"<p class=\"\u201dMsoNormal\u201d\"><u>DESCRIPTION<br \/>\n<\/u><\/p>\n<p class=\"\u201dMsoNormal\u201d\">Assiette plate \u00e0 la forme \u00e9l\u00e9mentaire contrast\u00e9e par des vagues de couleurs. Inspir\u00e9e par la beaut\u00e9 et la richesse de la M\u00e9diterran\u00e9e, cette assiette aux motifs marbr\u00e9s r\u00e9alis\u00e9s en terres m\u00eal\u00e9es apportera de la fraicheur \u00e0 votre table.<br \/>\nIncrust\u00e9e directement au c\u0153ur de la mati\u00e8re, la terre m\u00eal\u00e9e est obtenue gr\u00e2ce \u00e0 un m\u00e9lange artisanal de pigments et d\u2019argile.<br \/>\nL\u2019utilisation de cette technique permet de cr\u00e9er des motifs al\u00e9atoires et donc des pi\u00e8ces encore plus uniques.<\/p>\n<p class=\"\u201dMsoNormal\u201d\">Collection Les M\u00eal\u00e9s \/ Artisan L\u00e9ma C\u00e9ramique<\/p>\n<p>&nbsp;<\/p>\n<p class=\"\u201dMsoNormal\u201d\"><u>CARACTERISTIQUES<\/p>\n<p><\/u><\/p>\n<p class=\"\u201dMsoNormal\u201d\">Mati\u00e8re\u00a0: Gr\u00e8s cuit \u00e0 1280\u00b0C, ce qui lui conf\u00e8re r\u00e9sistance et durabilit\u00e9.<br \/>\nColoris\u00a0: Beige\/Orange<br \/>\n\u00c9mail : Transparent brillant<br \/>\nDimensions\u00a0: \u2300\u00a025,5 cm environPoids\u00a0:\u00a0450 g environ<br \/>\nTechniques\u00a0: Plaque, tour et terres m\u00eal\u00e9es<br \/>\nConseils d\u2019entretien : Compatible lave-vaisselle et micro-onde. Ne pas utiliser au four.<\/p>","protected":false},"excerpt":{"rendered":"<p>DESCRIPTION Assiette plate \u00e0 la forme \u00e9l\u00e9mentaire contrast\u00e9e par des vagues de couleurs. Inspir\u00e9e par la beaut\u00e9 et la richesse de la M\u00e9diterran\u00e9e, cette assiette aux motifs marbr\u00e9s r\u00e9alis\u00e9s en&#8230;<\/p>","protected":false},"featured_media":4121,"template":"","meta":{"_nectar_blocks_hide_post_title":false,"_nectar_blocks_transparent_header_effect":false,"_nectar_blocks_transparent_header_effect_color":"light","_nectar_blocks_header_animation":false,"_nectar_blocks_header_animation_delay":0,"_nectar_blocks_header_animation_effect":"fade","_nectar_blocks_page_css":"","_nectar_blocks_page_js":"","slim_seo":{"title":"Assiette Onda - L\u00e9ma Coho","description":"DESCRIPTION Assiette plate \u00e0 la forme \u00e9l\u00e9mentaire contrast\u00e9e par des vagues de couleurs. Inspir\u00e9e par la beaut\u00e9 et la richesse de la M\u00e9diterran\u00e9e, cette assiett"},"iawp_total_views":7},"product_brand":[],"product_cat":[18],"product_tag":[81],"class_list":{"0":"post-4131","1":"product","2":"type-product","3":"status-publish","4":"has-post-thumbnail","6":"product_cat-artsdelatable","7":"product_tag-assiette","8":"pa_collection-meles","9":"pa_color-beige","10":"pa_color-orange","12":"first","13":"instock","14":"shipping-taxable","15":"purchasable","16":"product-type-simple"},"_links":{"self":[{"href":"https:\/\/lemacoho.com\/en\/wp-json\/wp\/v2\/product\/4131","targetHints":{"allow":["GET"]}}],"collection":[{"href":"https:\/\/lemacoho.com\/en\/wp-json\/wp\/v2\/product"}],"about":[{"href":"https:\/\/lemacoho.com\/en\/wp-json\/wp\/v2\/types\/product"}],"wp:featuredmedia":[{"embeddable":true,"href":"https:\/\/lemacoho.com\/en\/wp-json\/wp\/v2\/media\/4121"}],"wp:attachment":[{"href":"https:\/\/lemacoho.com\/en\/wp-json\/wp\/v2\/media?parent=4131"}],"wp:term":[{"taxonomy":"product_brand","embeddable":true,"href":"https:\/\/lemacoho.com\/en\/wp-json\/wp\/v2\/product_brand?post=4131"},{"taxonomy":"product_cat","embeddable":true,"href":"https:\/\/lemacoho.com\/en\/wp-json\/wp\/v2\/product_cat?post=4131"},{"taxonomy":"product_tag","embeddable":true,"href":"https:\/\/lemacoho.com\/en\/wp-json\/wp\/v2\/product_tag?post=4131"}],"curies":[{"name":"wp","href":"https:\/\/api.w.org\/{rel}","templated":true}]}}